{"id":80,"date":"2026-01-16T19:14:32","date_gmt":"2026-01-16T19:14:32","guid":{"rendered":"http:\/\/rhamsaproductions.com\/?page_id=80"},"modified":"2026-01-19T11:21:49","modified_gmt":"2026-01-19T11:21:49","slug":"la-quatrieme-mur","status":"publish","type":"page","link":"http:\/\/rhamsaproductions.com\/index.php\/la-quatrieme-mur\/","title":{"rendered":"LE QUATRIEME MUR"},"content":{"rendered":"\n<figure class=\"wp-block-image size-large is-resized\"><img loading=\"lazy\" decoding=\"async\" width=\"1024\" height=\"540\" src=\"http:\/\/rhamsaproductions.com\/wordpress\/wp-content\/uploads\/2026\/01\/le-quatrieme-mur-1024x540.jpg\" alt=\"\" class=\"wp-image-180\" style=\"object-fit:cover;width:600px;height:300px\" srcset=\"http:\/\/rhamsaproductions.com\/wordpress\/wp-content\/uploads\/2026\/01\/le-quatrieme-mur-1024x540.jpg 1024w, http:\/\/rhamsaproductions.com\/wordpress\/wp-content\/uploads\/2026\/01\/le-quatrieme-mur-300x158.jpg 300w, http:\/\/rhamsaproductions.com\/wordpress\/wp-content\/uploads\/2026\/01\/le-quatrieme-mur-768x405.jpg 768w, http:\/\/rhamsaproductions.com\/wordpress\/wp-content\/uploads\/2026\/01\/le-quatrieme-mur-1536x810.jpg 1536w, http:\/\/rhamsaproductions.com\/wordpress\/wp-content\/uploads\/2026\/01\/le-quatrieme-mur-2048x1080.jpg 2048w\" sizes=\"auto, (max-width: 1024px) 100vw, 1024px\" \/><\/figure>\n\n\n\n<p>Un long m\u00e9trage de David Oelhoffen<br>Produit par Eliph productions et Rhamsa productions<br>Coproduit par Amour fou, Panache productions, Move Movie et L&#8217;Emissaire du Baal<\/p>\n\n\n\n<p>Sortie en France le 15\/01\/2025<br>Distribution France : Le Pacte<br>Ventes internationales : Le Pacte<\/p>\n\n\n\n<p>Liban, 1982. Pour respecter la promesse faite \u00e0 un vieil ami, Georges se rend \u00e0 Beyrouth pour un projet aussi utopique que risqu\u00e9 : mettre en sc\u00e8ne Antigone afin de voler un moment de paix au c\u0153ur d\u2019un conflit fratricide. Les personnages seront interpr\u00e9t\u00e9s par des acteurs venant des diff\u00e9rents camps politiques et religieux. Perdu dans une ville et un conflit qu\u2019il ne conna\u00eet pas, Georges est guid\u00e9 par Marwan. Mais la reprise des combats remet bient\u00f4t tout en question, et Georges, qui tombe amoureux d\u2019Imane, va devoir faire face \u00e0 la r\u00e9alit\u00e9 de la guerre.<\/p>\n","protected":false},"excerpt":{"rendered":"<p>Un long m\u00e9trage de David OelhoffenProduit par Eliph productions et Rhamsa productionsCoproduit par Amour fou, Panache productions, Move Movie et L&#8217;Emissaire du Baal Sortie en France le 15\/01\/2025Distribution France : Le PacteVentes internationales : Le Pacte Liban, 1982. Pour respecter la promesse faite \u00e0 un vieil ami, Georges se rend \u00e0 Beyrouth pour un projet [&hellip;]<\/p>\n","protected":false},"author":1,"featured_media":0,"parent":0,"menu_order":0,"comment_status":"closed","ping_status":"closed","template":"film","meta":{"footnotes":""},"class_list":["post-80","page","type-page","status-publish","hentry"],"_links":{"self":[{"href":"http:\/\/rhamsaproductions.com\/index.php\/wp-json\/wp\/v2\/pages\/80","targetHints":{"allow":["GET"]}}],"collection":[{"href":"http:\/\/rhamsaproductions.com\/index.php\/wp-json\/wp\/v2\/pages"}],"about":[{"href":"http:\/\/rhamsaproductions.com\/index.php\/wp-json\/wp\/v2\/types\/page"}],"author":[{"embeddable":true,"href":"http:\/\/rhamsaproductions.com\/index.php\/wp-json\/wp\/v2\/users\/1"}],"replies":[{"embeddable":true,"href":"http:\/\/rhamsaproductions.com\/index.php\/wp-json\/wp\/v2\/comments?post=80"}],"version-history":[{"count":7,"href":"http:\/\/rhamsaproductions.com\/index.php\/wp-json\/wp\/v2\/pages\/80\/revisions"}],"predecessor-version":[{"id":191,"href":"http:\/\/rhamsaproductions.com\/index.php\/wp-json\/wp\/v2\/pages\/80\/revisions\/191"}],"wp:attachment":[{"href":"http:\/\/rhamsaproductions.com\/index.php\/wp-json\/wp\/v2\/media?parent=80"}],"curies":[{"name":"wp","href":"https:\/\/api.w.org\/{rel}","templated":true}]}}