{"id":209,"date":"2026-01-19T11:40:50","date_gmt":"2026-01-19T11:40:50","guid":{"rendered":"http:\/\/rhamsaproductions.com\/?page_id=209"},"modified":"2026-01-19T11:40:50","modified_gmt":"2026-01-19T11:40:50","slug":"nous-contacter","status":"publish","type":"page","link":"http:\/\/rhamsaproductions.com\/index.php\/nous-contacter\/","title":{"rendered":"Nous contacter"},"content":{"rendered":"\n<p class=\"is-style-default\">Vous pouvez nous adresser vos projets (sc\u00e9narios, dossiers ou notes d\u2019intention) \u00e0 l\u2019adresse suivante :<br><strong><a>production@rhamsaproductions.com<\/a><\/strong><\/p>\n\n\n\n<p>Nous les lirons avec attention et tenterons d\u2019y r\u00e9pondre dans la mesure du possible.<br>Merci de votre compr\u00e9hension si les d\u00e9lais peuvent varier selon notre activit\u00e9.<\/p>\n\n\n\n<p>Adresse <br>11 rue Aboukir<br>75002 PARIS<\/p>\n","protected":false},"excerpt":{"rendered":"<p>Vous pouvez nous adresser vos projets (sc\u00e9narios, dossiers ou notes d\u2019intention) \u00e0 l\u2019adresse suivante :production@rhamsaproductions.com Nous les lirons avec attention et tenterons d\u2019y r\u00e9pondre dans la mesure du possible.Merci de votre compr\u00e9hension si les d\u00e9lais peuvent varier selon notre activit\u00e9. Adresse 11 rue Aboukir75002 PARIS<\/p>\n","protected":false},"author":1,"featured_media":0,"parent":0,"menu_order":0,"comment_status":"closed","ping_status":"closed","template":"film","meta":{"footnotes":""},"class_list":["post-209","page","type-page","status-publish","hentry"],"_links":{"self":[{"href":"http:\/\/rhamsaproductions.com\/index.php\/wp-json\/wp\/v2\/pages\/209","targetHints":{"allow":["GET"]}}],"collection":[{"href":"http:\/\/rhamsaproductions.com\/index.php\/wp-json\/wp\/v2\/pages"}],"about":[{"href":"http:\/\/rhamsaproductions.com\/index.php\/wp-json\/wp\/v2\/types\/page"}],"author":[{"embeddable":true,"href":"http:\/\/rhamsaproductions.com\/index.php\/wp-json\/wp\/v2\/users\/1"}],"replies":[{"embeddable":true,"href":"http:\/\/rhamsaproductions.com\/index.php\/wp-json\/wp\/v2\/comments?post=209"}],"version-history":[{"count":1,"href":"http:\/\/rhamsaproductions.com\/index.php\/wp-json\/wp\/v2\/pages\/209\/revisions"}],"predecessor-version":[{"id":210,"href":"http:\/\/rhamsaproductions.com\/index.php\/wp-json\/wp\/v2\/pages\/209\/revisions\/210"}],"wp:attachment":[{"href":"http:\/\/rhamsaproductions.com\/index.php\/wp-json\/wp\/v2\/media?parent=209"}],"curies":[{"name":"wp","href":"https:\/\/api.w.org\/{rel}","templated":true}]}}