{"id":201,"date":"2026-01-19T11:32:19","date_gmt":"2026-01-19T11:32:19","guid":{"rendered":"http:\/\/rhamsaproductions.com\/?page_id=201"},"modified":"2026-01-20T11:36:02","modified_gmt":"2026-01-20T11:36:02","slug":"a-propos","status":"publish","type":"page","link":"http:\/\/rhamsaproductions.com\/index.php\/a-propos\/","title":{"rendered":"A propos"},"content":{"rendered":"\n<p>Rhamsa Productions est une soci\u00e9t\u00e9 fond\u00e9e et dirig\u00e9e par Maya Hariri depuis 2005. Elle a produit ou coproduit sept longs m\u00e9trages fran\u00e7ais, parmi lesquels derni\u00e8rement Le Quatri\u00e8me Mur de David Oelhoffen, adaptation du roman de Sorj Chalandon, sorti en janvier 2025.<\/p>\n\n\n\n<p>La soci\u00e9t\u00e9 d\u00e9fend une ligne \u00e9ditoriale r\u00e9solument fran\u00e7aise, \u00e0 la crois\u00e9e du drame et de la com\u00e9die d\u2019auteur, avec un volume restreint de projets afin d\u2019assurer un accompagnement artistique et financier exigeant.<br><br>Au fil des ann\u00e9es, RHAMSA a accompagn\u00e9 des \u0153uvres tr\u00e8s diverses, souvent port\u00e9es par des auteurs et autrices affirm\u00e9s, tout en maintenant une exigence de lisibilit\u00e9 narrative et de rapport direct au spectateur.<\/p>\n\n\n\n<p>En 2025, Maxime Laure rejoint la soci\u00e9t\u00e9 de Maya Hariri pour initier de nouveaux projets port\u00e9s par des autrices et auteurs \u00e9mergents. <\/p>\n","protected":false},"excerpt":{"rendered":"<p>Rhamsa Productions est une soci\u00e9t\u00e9 fond\u00e9e et dirig\u00e9e par Maya Hariri depuis 2005. Elle a produit ou coproduit sept longs m\u00e9trages fran\u00e7ais, parmi lesquels derni\u00e8rement Le Quatri\u00e8me Mur de David Oelhoffen, adaptation du roman de Sorj Chalandon, sorti en janvier 2025. La soci\u00e9t\u00e9 d\u00e9fend une ligne \u00e9ditoriale r\u00e9solument fran\u00e7aise, \u00e0 la crois\u00e9e du drame et [&hellip;]<\/p>\n","protected":false},"author":1,"featured_media":0,"parent":0,"menu_order":0,"comment_status":"closed","ping_status":"closed","template":"film","meta":{"footnotes":""},"class_list":["post-201","page","type-page","status-publish","hentry"],"_links":{"self":[{"href":"http:\/\/rhamsaproductions.com\/index.php\/wp-json\/wp\/v2\/pages\/201","targetHints":{"allow":["GET"]}}],"collection":[{"href":"http:\/\/rhamsaproductions.com\/index.php\/wp-json\/wp\/v2\/pages"}],"about":[{"href":"http:\/\/rhamsaproductions.com\/index.php\/wp-json\/wp\/v2\/types\/page"}],"author":[{"embeddable":true,"href":"http:\/\/rhamsaproductions.com\/index.php\/wp-json\/wp\/v2\/users\/1"}],"replies":[{"embeddable":true,"href":"http:\/\/rhamsaproductions.com\/index.php\/wp-json\/wp\/v2\/comments?post=201"}],"version-history":[{"count":4,"href":"http:\/\/rhamsaproductions.com\/index.php\/wp-json\/wp\/v2\/pages\/201\/revisions"}],"predecessor-version":[{"id":215,"href":"http:\/\/rhamsaproductions.com\/index.php\/wp-json\/wp\/v2\/pages\/201\/revisions\/215"}],"wp:attachment":[{"href":"http:\/\/rhamsaproductions.com\/index.php\/wp-json\/wp\/v2\/media?parent=201"}],"curies":[{"name":"wp","href":"https:\/\/api.w.org\/{rel}","templated":true}]}}